{"id":3,"date":"2024-05-15T07:33:19","date_gmt":"2024-05-15T07:33:19","guid":{"rendered":"https:\/\/campeanunation.ro\/?page_id=3"},"modified":"2024-05-16T12:46:53","modified_gmt":"2024-05-16T12:46:53","slug":"termeni","status":"publish","type":"page","link":"https:\/\/campeanunation.ro\/index.php\/termeni\/","title":{"rendered":"Termeni \u0219i Condi\u021bii"},"content":{"rendered":"\t\t<div data-elementor-type=\"wp-page\" data-elementor-id=\"3\" class=\"elementor elementor-3\">\n\t\t\t\t<div class=\"elementor-element elementor-element-16f0f7d8 e-flex e-con-boxed e-con e-parent\" data-id=\"16f0f7d8\" data-element_type=\"container\" data-e-type=\"container\">\n\t\t\t\t\t<div class=\"e-con-inner\">\n\t\t\t\t<div class=\"elementor-element elementor-element-3b29ee67 elementor-widget elementor-widget-text-editor\" data-id=\"3b29ee67\" data-element_type=\"widget\" data-e-type=\"widget\" data-widget_type=\"text-editor.default\">\n\t\t\t\t<div class=\"elementor-widget-container\">\n\t\t\t\t\t\t\t\t\t\n<h1 class=\"font-weight-semibold text-10 text-color-default wp-block-heading\">Termeni \u0219i Condi\u021bii<\/h1>\n<div class=\"dynamic-content\">\n<p><strong>Prin accesarea sau \u00eenregistrarea \u00een calitate de utilizator a site-ului web, aflat la adresa www.campeanunation.ro\u00a0v\u0103 exprima\u021bi acordul \u00een acceptarea urm\u0103torilor termeni \u0219i condi\u021bii. Prezen\u021ba dumneavoastr\u0103 \u0219i ac\u021biunile executate pe site trebuie s\u0103 respecte un cod de conduit\u0103 \u0219i s\u0103 atrag\u0103 dup\u0103 sine respect fa\u021b\u0103 de restul utilizatorilor.<\/strong><\/p>\n<h2>1. Defini\u021bii<\/h2>\n<ol>\n<li>\u00a0S.C. CAMPEANU NATION S.R.L., persoan\u0103 juridic\u0103 rom\u00e2n\u0103, \u00eenregistrat\u0103 la Registrul Comer\u021bului sub num\u0103rul J31\/212\/2022, av\u00e2nd cod fiscal 45888634, cu sediul social \u00een Dej, Aleea Tomis 13A, Jude\u021bul Cluj, Rom\u00e2nia, ce va fi intitulat\u0103 mai departe ca <strong>furnizor de servicii;<\/strong><\/li>\n<li>Site-ul web, aflat la adresa <strong>www.campeanunation.ro<\/strong>, de\u021binut, dezvoltat \u0219i implementat de furnizorul de servicii S.C. campeanu nation S.R.L., ce serve\u0219te ca platform\u0103 online de \u00eenregistrare a produc\u0103torilor din Rom\u00e2nia, ce va fi denumit mai departe <strong>www.campeanunation.ro<\/strong><strong>.<\/strong><\/li>\n<li>Produc\u0103tori pe <strong>www.campeanunation.ro<\/strong>, ce vor fi intitula\u021bi mai departe\u00a0 <strong>produc\u0103tori<\/strong><strong>;<\/strong><\/li>\n<li>Vizitatori ai <strong>www.campeanunation.ro<\/strong> ce vor fi denumi\u021bi mai departe\u00a0<strong>vizitatori site.<\/strong><\/li>\n<\/ol>\n<h2>2. Despre <strong>www.campeanunation.ro<\/strong><\/h2>\n<p>Prin dezvoltarea \u0219i implementarea acestei platforme, dorim s\u0103 realiz\u0103m o platform\u0103 ce reune\u0219te produc\u0103torii locali \u0219i clien\u021bii acestora. Prin intermediul sistemelor de evaluare \u0219i recenzie, \u00eencuraj\u0103m utilizatorii de a-\u0219i exprima libera opinie cu privire la produsele oferite de acel produc\u0103tor. Prin sistemul de direc\u021bii c\u0103tre produc\u0103tor, ce folose\u0219te platforma Google Maps, d\u0103m posibilitatea utilizatorilor de a ajunge \u00eentr-un timp c\u00e2t mai scurt la destina\u021bia dorit\u0103, ghid\u00e2ndu-i pas cu pas \u00een tot acest timp.<\/p>\n<p>\u00a0<\/p>\n<p>Produc\u0103torilor le oferim posibilitatea de a se \u00eenscrie \u00een mod gratuit\u00a0 pe <strong>www.campeanunation.ro<\/strong> \u0219i de a-\u0219i pune \u00een valoare produsele oferite. Ace\u0219tia pot ad\u0103uga descrierea lor, num\u0103rul de telefon, adresa de email, pagina de Facebook sau pagina web, precum \u0219i direc\u021bii de navigare spre ei. De asemenea, fiecare produc\u0103tor poate selecta produsele ce dore\u0219te a le comercializa, printr-un singur click, poate \u00eenc\u0103rca proprile fotografii \u0219i poate ad\u0103uga \u0219i pre\u021buri.<\/p>\n<h2>3. Administrarea \u0219i introducerea informa\u021biilor despre produc\u0103tori<\/h2>\n<p>Pentru a v\u0103 \u00eenregistra ca produc\u0103tor \u00een baza de date <strong>www.campeanunation.ro<\/strong>, este necesar s\u0103 ap\u0103sa\u021bi butonul <em>\u00censcrie-te gratuit ca produc\u0103tor<\/em> \u0219i s\u0103 completa\u021bi c\u00e2mpurile din formularul de \u00eenscriere. Concomitent cu \u00eenscrierea dumneavoastr\u0103, va fi creat \u0219i un cont de utilizator, ce v\u0103 va permite s\u0103 administra\u021bi informa\u021bile introduse. Ad\u0103ugarea, administrarea unui produc\u0103tor \u0219i\u00a0prezen\u021ba pe <strong>www.campeanunation.ro<\/strong> este gratuit\u0103, pe\u00a0perioad\u0103 nedeterminat\u0103.<\/p>\n<p>\u00a0<\/p>\n<p>Administrarea informa\u021biilor existente poate fi f\u0103cut\u0103 de c\u0103tre produc\u0103tor \u0219i de c\u0103tre furnizorul de servicii.<\/p>\n<p>\u00cen calitate de produc\u0103tor, ave\u021bi urm\u0103toarele beneficii, \u00een urma \u00eenregistr\u0103rii \u0219i autentific\u0103rii pe site:<\/p>\n<ol>\n<li>Ave\u021bi posibilitatea de a v\u0103 \u00eenregistra gratuit\u00a0\u0219i pe\u00a0perioad\u0103\u00a0nedeterminat\u0103;<\/li>\n<li>Ave\u021bi acces \u00een a ad\u0103uga sau modifica informa\u021bii noi (date de contact, descriere, etc.);<\/li>\n<li>Ave\u021bi posibilitatea de a ad\u0103uga sau \u0219terge imagini;<\/li>\n<li>Pute\u021bi ad\u0103uga, modifica sau \u0219terge produse;<\/li>\n<li>Ave\u021bi posibilitatea solicit\u0103rii \u0219tergerii permanente din baza de date <strong>www.campeanunation.ro<\/strong> \u00cen cazul \u00een care dori\u021bi acest lucru, v\u0103 rug\u0103m s\u0103 ne contacta\u021bi<\/li>\n<\/ol>\n<h3>4. Drepturi ale vizitatorilor de site<\/h3>\n<p>\u00cen calitate de vizitatori ai site-ului ave\u021bi urm\u0103toarele drepturi pe <strong>www.campeanunation.ro<\/strong>:<\/p>\n<ol>\n<li>De a face uz de informa\u021biile de pe site, \u00een condi\u021biile respect\u0103rii prezentelor termene \u0219i condi\u021bii;<\/li>\n<li>De a v\u0103 exprima opinia cu privire la produsele oferite de un produc\u0103tor, prin ad\u0103ugarea de recenzii;<\/li>\n<li>De a evalua un produc\u0103tor prin acordarea de calificative;<\/li>\n<li>De a nu folosi numele real \u00een ad\u0103ugarea unei recenzii sau a unei evalu\u0103ri. De\u0219i nu sprijinim ad\u0103ugarea de informa\u021bii eronate, \u021bin\u00e2nd cont de faptul c\u0103 numele \u0219i prenumele reprezint\u0103 o informa\u021bie cu caracter personal, v\u0103 respect\u0103m dreptul a folosi un pseudonim, \u00een cazul \u00een care decide\u021bi acest lucru;<\/li>\n<li>Dreptul la opinie \u0219i liber\u0103 exprimare.<\/li>\n<\/ol>\n<h3>4.1. Obliga\u021bii ale vizitatorilor de site<\/h3>\n<p>\u00cen calitate de vizitatori ai site-ului ave\u021bi urm\u0103toarele obliga\u021bii pe <strong>www.campeanunation.ro<\/strong>:<\/p>\n<ol>\n<li>De a nu\u00a0ad\u0103uga recenzii sub form\u0103 de injurii explicite, convingeri politice, religioase sau rasiste, de promovare a politicilor de spam sau de introducerea de link-uri ce conduc la site-uri al c\u0103ror con\u021binut este de tip malware, pornografic sau alte elemente de aceast\u0103 natur\u0103;<\/li>\n<li>De a nu \u00eencerca s\u0103 manipula\u021bi sistemul de evaluare al unui produc\u0103tor, prin introducerea de voturi abuzive.<\/li>\n<\/ol>\n<h3>4.2. Drepturi ale furnizorului de servicii<\/h3>\n<ol>\n<li>Furnizorul de servicii are dreptul de a \u0219terge par\u021bial sau total con\u021binutul sub form\u0103 de text \u0219i imagini, \u00een cazul \u00een care consider\u0103 c\u0103 drepturile sau obliga\u021biile men\u021bionate mai sus nu au fost respectate;<\/li>\n<li>Furnizorul de servicii are dreptul de a dezactiva site-ul aflat la adresa <strong>www.campeanunation.ro <\/strong>sau de a scoate din uz, par\u021bial sau total, informa\u021biile prezente pe acesta;<\/li>\n<li>Furnizorul de servicii are dreptul a de a limita num\u0103rul de \u00eenscrieri pe <strong>www.campeanunation.ro<\/strong>, de a limita num\u0103rul de imagini \u00eenc\u0103rcate, num\u0103rul de cuvinte ad\u0103ugate \u00een descriere;<\/li>\n<li>Furnizorul de servicii are dreptul de a refuza \u00eenscrierea unui produc\u0103tor pe <strong>www.campeanunation.ro<\/strong>, f\u0103r\u0103 a justifica aceast\u0103 decizie;<\/li>\n<li>Furnizorul de servicii are dreptul de a modifica prezentele termene \u0219i condi\u021bii de utilizare;<\/li>\n<li>Furnizorul de servicii are dreptul de a transfera informa\u021biile prezente pe <strong>www.campeanunation.ro<\/strong>, \u00een condi\u021biile respect\u0103rii legisla\u021biei rom\u00e2ne \u00een vigoare;<\/li>\n<li>\u00cen cazul \u00een care un produc\u0103tor prime\u0219te o recenzie \u0219i \/ sau o evaluare negativ\u0103, are dreptul de a refuza solicitarea produc\u0103torului de a o \u0219terge, c\u00e2t timp recenzia adus\u0103 respect\u0103 condi\u021biile prev\u0103zute \u00een sec\u021biunea\u00a0<em>Obliga\u021bii ale vizitatorilor de site.\u00a0<\/em>\u00cen schimb, produc\u0103torul are dreptul de a r\u0103spunde acestei recenzii sau de a solicita \u0219tergerea permanent\u0103 a acestuia de pe aprozarulvirtual.ro, \u00een cazul \u00een care consider\u0103 c\u0103 recenzia sau evaluarea poate afecta integritatea imaginii produc\u0103torului.<\/li>\n<\/ol>\n<h3>4.3. Obliga\u021bii ale furnizorului de servicii<\/h3>\n<p>Furnizorul de servicii are obliga\u021bia de a respecta legisla\u021bia rom\u00e2n\u0103 cu privire la libera circula\u021bie a datelor \u0219i confiden\u021bialitatea datelor cu caracter personal.<\/p>\n<h2>5. Drepturi de autor \u0219i proprietate intelectual\u0103<\/h2>\n<h3>5.1. Drepturi de autor \u0219i proprietate intelectual\u0103 a informa\u021biilor din sec\u021biunea de aprozar<\/h3>\n<ol>\n<li>Informa\u021biile \u00eenscrise \u00een sec\u021biunea <strong>www.campeanunation.ro <\/strong>\u0219i subsec\u021biunile aferente, sub form\u0103 de text, elemente media (fotografii, videclipuri), date de contact, link-uri \u0219i a\u0219a mai departe, ce fac obiectul descrierii unui produc\u0103tor, nu sunt proprietatea intelectual\u0103 a furnizorului de servicii;<\/li>\n<li>Informa\u021biile existente sau cele\u00a0ce vor fi \u00eenscrise, prin formularul de \u00eenregistrare a unui produc\u0103tor, intr\u0103 \u00een responsabilitatea produc\u0103torului;<\/li>\n<li>Furnizorul nu pretinde sau \u00ee\u0219i asum\u0103 nici un fel de drept de proprietate intelectual\u0103 asupra informa\u021biilor \u00eenscrise \u00een sec\u021biunea <strong>www.campeanunation.ro<\/strong>.<\/li>\n<\/ol>\n<h3>5.2. Drepturi de autor \u0219i proprietate intelectual\u0103 a codului surs\u0103<\/h3>\n<p>Elementele ce fac parte component\u0103 din <strong>www.campeanunation.ro<\/strong>, de natura codului surs\u0103, a imaginilor sunt catalogate astfel:<\/p>\n<ol>\n<li>O parte sunt proprietatea intelectual\u0103 a furnizorului de servicii. \u00cen acest sens, reproducerea par\u021bial\u0103 sau total\u0103 este interzis\u0103 f\u0103r\u0103 acordul furnizorului de servicii;<\/li>\n<li>O parte sunt licen\u021biate Open Source\u00a0adic\u0103 utilizatorul lor (\u00een cazul de fa\u0163\u0103 furnizorul de servicii) are dreptul de a utiliza \u015fi\/sau modifica pachetul software f\u0103r\u0103 a contacta autorul. \u00cen acest sens nu ne declar\u0103m proprietari al acestor elemente. Pentru mai multe informa\u0163ii privind conceptul de open source, pute\u0163i accesa\u00a0<a href=\"http:\/\/www.opensource.org\/\" target=\"_blank\" rel=\"noopener noreferrer\">urm\u0103torul link,<\/a>\u00a0iar pentru o copie a licentei GNU General Public Licence accesa\u0163i\u00a0<a href=\"http:\/\/www.gnu.org\/licenses\/gpl.html\" target=\"_blank\" rel=\"noopener noreferrer\">acest link<\/a>\u00a0<em>(Con\u0163intul paginilor aflate la cele dou\u0103 adrese web de mai sus este \u00een limba englez\u0103);<\/em><\/li>\n<li>Anumite elemente media (imagini, pictograme, etc.) au fost preluate de pe site-uri de profil ce permit utilizarea lor\u00a0\u00een urma achizi\u021biei unei licen\u021be sau gratuit, cu men\u021biunea sursei. \u00cen acest sens, furnizorul de servicii nu se declar\u0103 proprietarul acestor elemente.<\/li>\n<\/ol>\n<h3>5.3. Drepturi de autor \u0219i proprietate intelectual\u0103 a con\u021binutului din alte sec\u021biuni ale <strong>www.campeanunation.ro<\/strong><\/h3>\n<p>Restul con\u021binutului,\u00a0cu excep\u021bia punctelor 5.1. \u0219i 5.2., prezent\u00a0pe aprozarulvirtual.ro este catalogat astfel:<\/p>\n<ol>\n<li>Con\u021binutul preluat de pe alte site-uri, nu este considerat proprietatea intelectual\u0103 a furnizorului de servicii.\u00a0La finele fiec\u0103rui articol sau pagin\u0103, ce a fost preluat(\u0103) va fi precizat\u0103 sursa prin intermediul unui link;<\/li>\n<li>Con\u021binutul redactat de c\u0103tre personalul <strong>www.campeanunation.ro<\/strong> sau furnizorul de servicii este considerat proprietatea intelectual\u0103 a acestuia. In acest sens, reproducerea par\u021bial\u0103 sau total\u0103 a con\u021binutului este interzis\u0103 f\u0103r\u0103 acordul furnizorului de servicii.<\/li>\n<\/ol>\n<h3>5.4.\u00a0M\u0103rci comerciale<\/h3>\n<p>Pe <strong>www.campeanunation.ro<\/strong> apar referin\u021be, sub forma unor elemente grafice sau text, la anumite m\u0103rci comerciale precum: Facebook,, Google, etc. De asemenea, \u00een descrierea unui produc\u0103tr sau fotografiile \u00eenc\u0103rcate, produc\u0103torii pot \u00eenc\u0103rca elemente ce fac obiectul unei m\u0103rci comerciale. Furnizorul de servicii nu \u00ee\u0219i \u00eensu\u0219e\u0219te vreun drept de proprietate intelectual\u0103 a acestor m\u0103rci comerciale.<\/p>\n<h2>6. Notific\u0103ri<\/h2>\n<p>\u00cen vederea ob\u021binerii de informa\u021bii, \u00eentr-un timp c\u00e2t mai scurt, <strong>www.campeanunation.ro <\/strong>are implementat un sistem de notific\u0103ri prin email, astfel:<\/p>\n<ol>\n<li>Notificarea \u00eenscrierii unui produc\u0103tor pe <strong>www.campeanunation.ro<\/strong>;<\/li>\n<li>Notificare la ad\u0103ugarea unei recenzii produc\u0103tor;<\/li>\n<li>Alte notific\u0103ri.<\/li>\n<\/ol>\n<h2>7. Filtrarea \u0219i securitatea informa\u021biilor<\/h2>\n<p>Filtrarea \u0219i securitatea informa\u021biilor reprezint\u0103 un aspect esen\u021bial \u00een politica noastr\u0103. \u00cen acest sens, facem eforturi constante de a asigura acest aspect astfel:<\/p>\n<ol>\n<li>Filtrarea recenziilor \u0219i a comentariilor, prin introducerea sistemului reCaptcha, de prevenire a ad\u0103ug\u0103rii de \u00eenregistr\u0103ri automate;<\/li>\n<li>Filtrarea \u00eenscrierii unui produc\u0103tor,\u00a0prin introducerea sistemului reCaptcha, de prevenire a \u00eenscrierii automate;<\/li>\n<li>Limitarea num\u0103rului de evalu\u0103ri\u00a0de pe aceea\u0219i adres\u0103 de IP;<\/li>\n<li>Limitarea num\u0103rului de \u00eenregistr\u0103ri de vizualiz\u0103ri de pe aceia\u0219i adres\u0103 de IP la 1 vizualizare \/ IP \/ 24 de ore;<\/li>\n<li>Hasharea (criptarea unidirec\u021bional\u0103), utiliz\u00e2nd o serie de algoritmi complec\u0219i, a parolelor utilizate de produc\u0103tori;<\/li>\n<li>Limitarea num\u0103rului de \u00eencerc\u0103ri de autentificare pe site, pentru prevenirea atacurilor de tip\u00a0<em>Brute Force;<\/em><\/li>\n<li>Filtrarea con\u021binutului de tipul XSS (Cross Site Scripting);<\/li>\n<li>Implementarea de certificate de securitate SSL;<\/li>\n<li>Realizarea de copii de siguran\u021b\u0103 a bazei de date;<\/li>\n<li>Pe l\u00e2ng\u0103 m\u0103surile prezentate mai sus, compania de g\u0103zduire are implementate solu\u021bii de securitate performante \u00eempotriva atacurilor de tip informatic.<\/li>\n<\/ol>\n<h2>8. Exonerarea de r\u0103spundere<\/h2>\n<ol>\n<li>\u00cen calitate de furnizor de servicii, facem eforturi constante pentru a asigura calitatea \u0219i corectitudinea informa\u021biilor prezente pe <strong>www.campeanunation.ro<\/strong>. Cu toate acestea, nu putem garanta corectitudinea informa\u021billor introduse \u00een diverse sec\u021biuni ale site-ului <strong>www.campeanunation.ro<\/strong>. \u00cen acest sens, furnizorul de servicii nu poate fi tras la r\u0103spundere dac\u0103 utilizarea acestor informa\u021bii a creat prejudicii de orice natur\u0103;<\/li>\n<li>Furnizorul de servicii nu poate fi tras la r\u0103spundere dac\u0103 informa\u021biile prezente pe aprozarulvirtual.ro nu mai sunt de actualitate;<\/li>\n<li>Furnizorul de servicii nu poate fi tras la r\u0103spundere de \u00eenc\u0103lcarea drepturilor de autor prin afi\u0219area imaginilor unui produc\u0103tor sau produs, a textului descriptiv ori a altor informa\u021bii prezente pe <strong>www.campeanunation.ro<\/strong>, ce fac parte component\u0103, par\u021bial\u0103 sau total\u0103, a descrierii produc\u0103tor. \u00cen cazul \u00een care considera\u021bi c\u0103 drepturile de autor v-au fost \u00eenc\u0103lcate, v\u0103 rug\u0103m s\u0103 ne contacta\u021bi;<\/li>\n<li>Furrnizorul de servicii nu poate fi tras la r\u0103spundere pentru incorporarea de m\u0103rci comerciale, de c\u0103tre produc\u0103tori \u00een descriere sau fotografiile \u00eenc\u0103rcate de c\u0103tre ace\u0219tia;<\/li>\n<li>Furnizorul de servicii este exonerat de orice culp\u0103 dac\u0103 \u00een paginile aprozarulvirtual.ro apar informa\u021bii cu caracter personal (nume de persoane, fotografii con\u021bin\u00e2nd persoane, sau alte elemente de natur\u0103 similar\u0103). \u00cen cazul \u00een care considera\u021bi c\u0103 v-a fost \u00eenc\u0103lcat dreptul la via\u021ba privat\u0103 prin publicarea acestor informa\u021bii, v\u0103 rug\u0103m s\u0103 ne\u00a0contacta\u021bi;<\/li>\n<li>Furnizorul de servicii nu poate fi tras la r\u0103spundere \u00een cazul \u00een care scoate din uz anumite informa\u021bii de pe site, prin \u00eenc\u0103lcarea drepturilor \u0219i obliga\u021biilor men\u021bionate mai sus\u00a0la capitolele 4.1, 4.2, 4.3, 4.4.;<\/li>\n<li>Furnizorul de servicii nu poate fi tras la r\u0103spundere \u00een cazul \u00een care \u00een urma unui atac informatic asupra aprozarulvirtual.ro sau a serverelor companiei de g\u0103zduire\u00a0ori a\u00a0func\u021bion\u0103rii necorespunz\u0103toare a serverelor, datele din baza de date au fost alterate, \u0219terse, copiate sau transferate;<\/li>\n<li>Furnizorul de servicii nu poate fi tras la r\u0103spundere \u00een cazul nefunc\u021bion\u0103rii corespunz\u0103toare a serverelor companiei de g\u0103zduire, pe care este g\u0103zduit site-ul <strong>www.campeanunation.ro<\/strong>;<\/li>\n<li>Furnizorul de servicii nu va putea fi acuzat \u00een cazul defect\u0103rii anumitor componente, sisteme complete, telefoane mobile sau a altor mijloace de navigare pe Internet, dac\u0103 evenimentul a avut loc \u00een momentul navig\u0103rii pe site-ul nostru, desc\u0103rc\u0103rii anumitor imagini sau elemente media, complet\u0103rii anumitor formulare. Pentru orice alt\u0103 form\u0103 de defectare sau func\u0163ionare necorespunz\u0103toare, \u00een momentul navig\u0103rii pe site sau pe un link ce conduce la un alt site, ce nu \u0163ine in mod direct \u015fi explicit de <strong>www.campeanunation.ro<\/strong>, nu ne consider\u0103m responsabili sub nici o form\u0103.<\/li>\n<\/ol>\n<\/div>\t\t\t\t\t\t\t\t<\/div>\n\t\t\t\t<\/div>\n\t\t\t\t\t<\/div>\n\t\t\t\t<\/div>\n\t\t\t\t<\/div>\n\t\t","protected":false},"excerpt":{"rendered":"<p>Termeni \u0219i Condi\u021bii Prin accesarea sau \u00eenregistrarea \u00een calitate de utilizator a site-ului web, aflat la adresa www.campeanunation.ro\u00a0v\u0103 exprima\u021bi acordul \u00een acceptarea urm\u0103torilor termeni \u0219i condi\u021bii. Prezen\u021ba dumneavoastr\u0103 \u0219i ac\u021biunile executate pe site trebuie s\u0103 respecte un cod de conduit\u0103 \u0219i s\u0103 atrag\u0103 dup\u0103 sine respect fa\u021b\u0103 de restul utilizatorilor. 1. Defini\u021bii \u00a0S.C. CAMPEANU NATION [&hellip;]<\/p>\n","protected":false},"author":1,"featured_media":0,"parent":0,"menu_order":0,"comment_status":"closed","ping_status":"closed","template":"","meta":{"footnotes":""},"class_list":["post-3","page","type-page","status-publish","hentry"],"blocksy_meta":[],"_links":{"self":[{"href":"https:\/\/campeanunation.ro\/index.php\/wp-json\/wp\/v2\/pages\/3","targetHints":{"allow":["GET"]}}],"collection":[{"href":"https:\/\/campeanunation.ro\/index.php\/wp-json\/wp\/v2\/pages"}],"about":[{"href":"https:\/\/campeanunation.ro\/index.php\/wp-json\/wp\/v2\/types\/page"}],"author":[{"embeddable":true,"href":"https:\/\/campeanunation.ro\/index.php\/wp-json\/wp\/v2\/users\/1"}],"replies":[{"embeddable":true,"href":"https:\/\/campeanunation.ro\/index.php\/wp-json\/wp\/v2\/comments?post=3"}],"version-history":[{"count":5,"href":"https:\/\/campeanunation.ro\/index.php\/wp-json\/wp\/v2\/pages\/3\/revisions"}],"predecessor-version":[{"id":3520,"href":"https:\/\/campeanunation.ro\/index.php\/wp-json\/wp\/v2\/pages\/3\/revisions\/3520"}],"wp:attachment":[{"href":"https:\/\/campeanunation.ro\/index.php\/wp-json\/wp\/v2\/media?parent=3"}],"curies":[{"name":"wp","href":"https:\/\/api.w.org\/{rel}","templated":true}]}}