{"id":3415,"date":"2024-05-16T12:50:02","date_gmt":"2024-05-16T12:50:02","guid":{"rendered":"https:\/\/campeanunation.ro\/?page_id=3415"},"modified":"2024-05-16T12:52:43","modified_gmt":"2024-05-16T12:52:43","slug":"refund_returns","status":"publish","type":"page","link":"https:\/\/campeanunation.ro\/index.php\/refund_returns\/","title":{"rendered":"PRELUCRAREA DATELOR CU CARACTER PERSONAL (GDPR)"},"content":{"rendered":"\t\t<div data-elementor-type=\"wp-page\" data-elementor-id=\"3415\" class=\"elementor elementor-3415\">\n\t\t\t\t<div class=\"elementor-element elementor-element-3ae013b7 e-flex e-con-boxed e-con e-parent\" data-id=\"3ae013b7\" data-element_type=\"container\" data-e-type=\"container\">\n\t\t\t\t\t<div class=\"e-con-inner\">\n\t\t\t\t<div class=\"elementor-element elementor-element-6a231a1b elementor-widget elementor-widget-text-editor\" data-id=\"6a231a1b\" data-element_type=\"widget\" data-e-type=\"widget\" data-widget_type=\"text-editor.default\">\n\t\t\t\t<div class=\"elementor-widget-container\">\n\t\t\t\t\t\t\t\t\t\n<h1 class=\"font-weight-semibold text-10 text-color-default\">Date cu caracter personal<\/h1>\n<div class=\"dynamic-content\">\n<p>S.C. CAMPEANU NATION S.R.L. prin prezenta, v\u0103 \u00een\u015ftiin\u0163eaz\u0103 despre prelucrarea datele dumneavoastr\u0103 cu caracter personal, prin mijloace automatizate \u0219i manuale.<\/p>\n<p>\u00a0<\/p>\n<p>Conform cerin\u0163elor REGULAMENTULUI (UE) 2016\/679 AL PARLAMENTULUI EUROPEAN \u015eI AL CONSILIULUI din 27 aprilie 2016 privind protec\u0163ia persoanelor fizice \u00een ceea ce prive\u015fte prelucrarea datelor cu caracter personal privind libera circula\u0163ie a acestor date \u015fi de abrogare a Directivei 95\/46\/CE (Regulamentul general privind protec\u0163ia datelor), S.C. Acid Art Studio S.R.L., administreaz\u0103 \u00een condi\u0163ii de confiden\u0163ialitate \u015fi siguran\u0163\u0103 \u015fi numai pentru scopurile specificate, datele personale pe care ni le furniza\u0163i despre dumneavoastr\u0103, \u00een condi\u0163ii legale. Datele cu caracter personal nu vor putea fi distribuite f\u0103r\u0103 acordul dumneavoastr\u0103 c\u0103tre ter\u0163i (mass-media, firme asigur\u0103ri, alte situa\u0163ii etc.) sau c\u0103tre membrii familiei, dec\u00e2t dac\u0103 v\u0103 exprima\u0163i acordul \u00een scris \u00een acest sens. Confiden\u0163ialitatea datelor personale este p\u0103strat\u0103 \u015fi dup\u0103 deces.<\/p>\n<p>\u00a0<\/p>\n<p>De la prevederile precedente se excepteaz\u0103 anumite situa\u0163ii prev\u0103zute de legisla\u0163ie (ex.: la solicitarea organelor de anchet\u0103 penal\u0103, dac\u0103 exist\u0103 o anchet\u0103 penal\u0103 \u00een desf\u0103\u015furare, la solicitarea instan\u0163elor, poli\u0163iei, parchet etc. sau dac\u0103 exist\u0103 un ordin judec\u0103toresc \u00een acest sens).<\/p>\n<p>\u00a0<\/p>\n<p>Refuzul dumneavoastr\u0103 de oferire a datelor necesare societ\u0103\u021bii, determin\u0103 imposibilitatea prelucr\u0103rii datelor cu caracter personal.<\/p>\n<p>\u00a0<\/p>\n<p>Conform Regulamentului mai sus men\u0163ionat, beneficia\u0163i de dreptul de acces, de interventie asupra datelor, dreptul de a nu fi supus unei decizii individuale si dreptul de a va adresa instan\u0163elor de judecat\u0103. Ave\u0163i urm\u0103toarele drepturi: de acces la date, de la rectificare, \u201edreptul de a fi uitat\u201d, dreptul la restric\u0163ionarea prelucr\u0103rii, dreptul la opozi\u0163ie, dreptul la portabilitatea datelor, dreptul de a nu face obiectul unei decizii bazate exclusiv pe prelucrarea automat\u0103, inclusiv crearea de profiluri.<\/p>\n<p>\u00a0<\/p>\n<p>Totodat\u0103 ave\u0163i dreptul de a va opune prelucr\u0103rii datelor personale care v\u0103 privesc \u015fi s\u0103 solicita\u0163i \u015ftergerea datelor. Pentru exercitarea acestor drepturi v\u0103 pute\u0163i adresa cu o cerere scris\u0103, datat\u0103 \u015fi semnat\u0103 la sediul unit\u0103\u0163ii noastre, la datele de contact men\u0163ionate \u00een antet, in aten\u0163ia reprezentantului legal.Totu\u015fi, exercitarea acestor drepturi va atrage dup\u0103 sine imposibilitatea acord\u0103rii actului medical de c\u0103tre unitatea noastr\u0103. Dac\u0103 unele din datele despre dumneavoastra sunt incorecte, v\u0103 rug\u0103m s\u0103 ne informa\u0163i c\u0103t mai cur\u00e2nd posibil.<\/p>\n<p><br \/>Furnizorul de servicii colecteaz\u0103 un num\u0103r minim de date cu caracter personal (numele \u0219i prenumele, adresa de email, etc.) la ad\u0103ugarea unei recenzii sau a unui comentariu, \u00eens\u0103 nu oblig\u0103 sub nici o form\u0103 produc\u0103torul sau vizitatorul site-ului de a introduce aceste date \u00een mod explicit. In schimb, oferim posibilitatea introducerii unui pseudonim \u00een locul numelui \u0219i al prenumelui;<\/p>\n<p><br \/>Prin utilizarea func\u021biei Direc\u021bii navigare, furnizorul de servicii NU colecteaz\u0103 \u0219i\/sau stocheaz\u0103 informa\u021bii privind localizarea geografic\u0103 a utilizatorului. Coordonatele localului sunt transmise \u00een aplica\u021bia Google Maps iar stabilirea traseului este integral realizat\u0103 de c\u0103tre aceast\u0103 aplica\u021bie, furnizorul de servicii oferind doar coordonatele geografice ale produc\u0103torului. De asemenea, produc\u0103torul are dreptul a de a ascunde aceste coordonate de navigare, din sec\u021biunea Editare produc\u0103tor.<\/p>\n<p><br \/>Furnizorul de servicii se conformeaz\u0103 reglement\u0103rilor privind protec\u021bia datelor cu caracter personal, f\u0103c\u00e2nd eforturi constante privind respectarea acestor principii.<\/p>\n<p>\u00a0<\/p>\n<p>S.C. Campeanu Nation S.R.L. este de\u021bin\u0103torul site-ului web, aflat la adresa www.campeanunation.ro.<\/p>\n<h2>Cum sunt colectate datele pe site-ul campeanunation.ro?<\/h2>\n<p>Datele cu caracter personal, colectate de c\u0103tre noi, prin completarea anumitor formulare de pe site de c\u0103tre dumneavoastr\u0103, sunt structurate astfel:<\/p>\n<p>\u00a0<\/p>\n<p><strong>Formularul de contact<\/strong><\/p>\n<ul>\n<li>Aflat la:\u00a0www.campeanunation.ro\/contact<\/li>\n<li>Date cu caracter personal: numele \u0219i prenumele, adresa de email, num\u0103rul de telefon;<\/li>\n<li>Metoda de stocare: arhiv\u0103 de email-uri.<\/li>\n<\/ul>\n<p>\u00a0<\/p>\n<p><strong>Formularul de abonare la newsletter<\/strong><\/p>\n<ul>\n<li>Aflat la:\u00a0www.campeanunation.ro\/newsletter\/subscribe\u00a0\u0219i \u00een partea de jos a fiec\u0103ri pagini din site-ul web;<\/li>\n<li>Date cu caracter personal: numele \u0219i prenumele, adresa de email;<\/li>\n<li>Metoda de stocare: \u00eenregistrare \u00een baza de date.<\/li>\n<\/ul>\n<p>\u00a0<\/p>\n<p><strong>Formularul de comentarii<\/strong><\/p>\n<ul>\n<li>Aflat \u00een partea de jos a unei pagini sau articol din sec\u021biunea de articole;<\/li>\n<li>Date cu caracter personal: numele \u0219i prenumele, adresa de email;<\/li>\n<li>Metoda de stocare: \u00eenregistrare \u00een baza de date, arhiv\u0103 de email-uri.<\/li>\n<\/ul>\n<p>\u00a0<\/p>\n<p><strong>Formularul de c\u0103utare<\/strong><\/p>\n<ul>\n<li>Aflat \u00een partea de sus a site-ului;<\/li>\n<li>Datele colectate: datele introduse de c\u0103tre utilizator \u00een c\u00e2mpul de c\u0103utare;<\/li>\n<li>Metoda de stocare: \u00eenregistrare \u00een baza de date.<\/li>\n<\/ul>\n<p>\u00a0<\/p>\n<p><strong>Formularul de recenzii<\/strong><\/p>\n<ul>\n<li>Aflat \u00een partea de jos a paginii dedicate a unui produc\u0103tor;<\/li>\n<li>Date cu caracter personal: numele \u0219i prenumele sau pseudonimul, adresa de email;<\/li>\n<li>Metoda de stocare: arhiv\u0103 de email-uri, \u00eenregistrare \u00een baza de date.<\/li>\n<\/ul>\n<p><br \/><strong>Sistemul de evaluare a unui produc\u0103tor<\/strong><\/p>\n<ul>\n<li>Aflat \u00een partea dreapt\u0103 a paginii dedicate a unui local;<\/li>\n<li>Date cu caracter personal: adresa de IP;<\/li>\n<li>Metoda de stocare: arhiv\u0103 de email-uri, \u00eenregistrare \u00een baza de date.<\/li>\n<\/ul>\n<p>\u00a0<\/p>\n<p><strong>Date cu caracter anonim<\/strong><\/p>\n<p>Reprezint\u0103 acel set de date ce nu poate fi asociat direct cu un utilizator. Datele colectate sunt adresa de IP, sistemul de operare al utilzatorului, browserul folosit.<\/p>\n<\/div>\n\t\t\t\t\t\t\t\t<\/div>\n\t\t\t\t<\/div>\n\t\t\t\t\t<\/div>\n\t\t\t\t<\/div>\n\t\t\t\t<\/div>\n\t\t","protected":false},"excerpt":{"rendered":"<p>Date cu caracter personal S.C. CAMPEANU NATION S.R.L. prin prezenta, v\u0103 \u00een\u015ftiin\u0163eaz\u0103 despre prelucrarea datele dumneavoastr\u0103 cu caracter personal, prin mijloace automatizate \u0219i manuale. \u00a0 Conform cerin\u0163elor REGULAMENTULUI (UE) 2016\/679 AL PARLAMENTULUI EUROPEAN \u015eI AL CONSILIULUI din 27 aprilie 2016 privind protec\u0163ia persoanelor fizice \u00een ceea ce prive\u015fte prelucrarea datelor cu caracter personal privind libera [&hellip;]<\/p>\n","protected":false},"author":1,"featured_media":0,"parent":0,"menu_order":0,"comment_status":"closed","ping_status":"closed","template":"","meta":{"footnotes":""},"class_list":["post-3415","page","type-page","status-publish","hentry"],"blocksy_meta":[],"_links":{"self":[{"href":"https:\/\/campeanunation.ro\/index.php\/wp-json\/wp\/v2\/pages\/3415","targetHints":{"allow":["GET"]}}],"collection":[{"href":"https:\/\/campeanunation.ro\/index.php\/wp-json\/wp\/v2\/pages"}],"about":[{"href":"https:\/\/campeanunation.ro\/index.php\/wp-json\/wp\/v2\/types\/page"}],"author":[{"embeddable":true,"href":"https:\/\/campeanunation.ro\/index.php\/wp-json\/wp\/v2\/users\/1"}],"replies":[{"embeddable":true,"href":"https:\/\/campeanunation.ro\/index.php\/wp-json\/wp\/v2\/comments?post=3415"}],"version-history":[{"count":5,"href":"https:\/\/campeanunation.ro\/index.php\/wp-json\/wp\/v2\/pages\/3415\/revisions"}],"predecessor-version":[{"id":3529,"href":"https:\/\/campeanunation.ro\/index.php\/wp-json\/wp\/v2\/pages\/3415\/revisions\/3529"}],"wp:attachment":[{"href":"https:\/\/campeanunation.ro\/index.php\/wp-json\/wp\/v2\/media?parent=3415"}],"curies":[{"name":"wp","href":"https:\/\/api.w.org\/{rel}","templated":true}]}}