{"id":687,"date":"2021-12-23T22:06:12","date_gmt":"2021-12-23T22:06:12","guid":{"rendered":"https:\/\/startersites.io\/elementor\/garderobe\/?page_id=3"},"modified":"2024-05-16T12:48:43","modified_gmt":"2024-05-16T12:48:43","slug":"privacy-policy","status":"publish","type":"page","link":"https:\/\/campeanunation.ro\/index.php\/privacy-policy\/","title":{"rendered":"Politic\u0103 Cookie"},"content":{"rendered":"\t\t<div data-elementor-type=\"wp-page\" data-elementor-id=\"687\" class=\"elementor elementor-687\">\n\t\t\t\t<div class=\"elementor-element elementor-element-26fe258d e-flex e-con-boxed e-con e-parent\" data-id=\"26fe258d\" data-element_type=\"container\" data-e-type=\"container\">\n\t\t\t\t\t<div class=\"e-con-inner\">\n\t\t\t\t<div class=\"elementor-element elementor-element-ae13597 elementor-widget elementor-widget-text-editor\" data-id=\"ae13597\" data-element_type=\"widget\" data-e-type=\"widget\" data-widget_type=\"text-editor.default\">\n\t\t\t\t<div class=\"elementor-widget-container\">\n\t\t\t\t\t\t\t\t\t\n<h4 class=\"wp-block-heading\">Politica de administrare a modulelor cookie \u00een cadrul paginii web<\/h4>\n<p>\u00cen vederea func\u021bionalit\u0103\u021bii optime a prezentului site este necesar\u0103 utilizarea tehnologiei de tip \u201ccookie\u201d. Aceast\u0103 tehnologie permite stocarea unor date \u00een dispozitivul dumneavoastr\u0103 \u00een momentul \u00een care este accesat un site web printr-o conexiune la internet. Acest tip de informa\u021bie cookie poate fi considerat un \u201cstegule\u021b\u201d aflat local \u00een dispozitivul dumneavoastr\u0103 pe care pagina web \u00eel recunoa\u0219te \u0219i poate optimiza afi\u0219area \u0219i func\u021bionalitatea \u00een mod personalizat. Este foarte important de \u0219tiut c\u0103 un cookie este un tip de dat\u0103 digital\u0103 complet pasiv \u0219i care nu execut\u0103 sau ruleaz\u0103 nici un fel de program software(nu este un virus sau orice alt tip de soft r\u0103u inten\u021bionat \u0219i nu poate accesa informa\u021biile pe care dumneavoastr\u0103 le stoca\u021bi \u00een calculator).<br \/>Pagina web pe care o de\u021binem va prelucra cookie doar cu acordul dumneavoastr\u0103 expres. \u00cen cazul \u00een care dori\u021bi s\u0103 v\u0103 retrage\u021bi acordul de a folosi cookie v\u0103 rug\u0103m s\u0103 efectua\u021bi set\u0103rile necesare \u00een cadrul browserului dumneavoastr\u0103;<br \/>Acest tip de fi\u0219ier descris mai sus recunoa\u0219te terminalul utilizatorului prezentului site, ajut\u00e2nd ca informa\u021bia continut\u0103 la nivel de pagina web s\u0103 fie prezentat\u0103 \u00eentr-un mod c\u00e2t mai relevant, \u0219i cel mai important, adaptat la preferin\u021bele utilizatorului. Cookie-urile sunt necesare \u00een vederea asigur\u0103rii utilizatorilor un serviciu confortabil \u0219i o experien\u021b\u0103 de navigare pl\u0103cut\u0103.<\/p>\n<p>Aceast\u0103 politic\u0103 de utilizare a modulelor cookie este \u00een acord cu Regulamentul UE 2016\/679 privind protec\u021bia datelor cu caracter personal. Pentru mai multe detalii privind drepturile dumneavoastr\u0103, accesa\u021bi politica de confiden\u021bialitate https:\/\/campeanunation.ro\/politica-de-confidentialitate\/<\/p>\n<p><strong>C\u00e2teva exemple relevante \u00een vederea folosirii de cookie:<\/strong><\/p>\n<p><strong>Prezentarea de con\u021binut \u0219i servicii relevante utilizatorului<\/strong><br \/>Colectarea de informa\u021bii anonime (cum ar fi c\u00e2\u021bi utilizatori au vizitat site-ul \u0219i care sunt paginile de interes) \u00een vederea gener\u0103rii de rapoarte necesare \u00eembun\u0103t\u0103\u021birii paginii web<br \/>Sunt foarte practice \u00een a re\u021bine set\u0103rile dumneavoastr\u0103 la nivel de site (cum ar fi limba site-ului, sau alte personaliz\u0103ri unice)<br \/>Poate controla manipularea resurselor \u00een vederea optimiz\u0103rii vitezei de \u00eenc\u0103rcare a paginii web<br \/>Datele de tip cookie se \u00eempart \u00een mai multe categorii, dup\u0103 cum urmeaz\u0103:<\/p>\n<p><strong>Dup\u0103 perioada de via\u021b\u0103: cookie de sesiune \u0219i cookie fix<\/strong><br \/>Dup\u0103 scopul folosirii: cookie esen\u021bial sau strict necesar, cookie de performan\u021b\u0103, cookie de func\u021bionalitate, cookie de m\u0103surare \u0219i analiz\u0103<br \/>\u00cen cadrul acestui site sunt folosite doua categorii din cele enumerate mai sus.<br \/>Cookie de Performan\u021b\u0103 \u0219i Cookie de M\u0103surare \u0219i Analiz\u0103<br \/>Toate tipurile de cookie prezentate anterior por fi completate de a\u0219a-zisele \u201cthird- part cookies\u201d sau cookie ce apar\u021bin companiilor partenere ter\u021be.<br \/>Datele de tip personal care sunt preluate \u00een momentul folosirii tehnologiei de tip cookie sunt criptate \u00een vederea bloc\u0103rii accesului neautorizat la ele; cu toate acestea men\u021bion\u0103m c\u0103 datele cu caracter personal cum ar fi numele sau detaliile bancare nu au scopul folosirii modulelor cookie.<br \/>\u00cen cazul \u00een care ave\u021bi orice fel de \u00eentreb\u0103ri referitoare la protec\u021bia datelor cu caracter personal, politica de cookie sau orice informa\u021bie de pe pagina noastr\u0103 web, nu ezita\u021bi s\u0103 ne contacta\u021bi. https:\/\/campeanunation.ro\/contact<\/p>\n\t\t\t\t\t\t\t\t<\/div>\n\t\t\t\t<\/div>\n\t\t\t\t\t<\/div>\n\t\t\t\t<\/div>\n\t\t\t\t<\/div>\n\t\t","protected":false},"excerpt":{"rendered":"<p>Politica de administrare a modulelor cookie \u00een cadrul paginii web \u00cen vederea func\u021bionalit\u0103\u021bii optime a prezentului site este necesar\u0103 utilizarea tehnologiei de tip \u201ccookie\u201d. Aceast\u0103 tehnologie permite stocarea unor date \u00een dispozitivul dumneavoastr\u0103 \u00een momentul \u00een care este accesat un site web printr-o conexiune la internet. Acest tip de informa\u021bie cookie poate fi considerat un [&hellip;]<\/p>\n","protected":false},"author":1,"featured_media":0,"parent":0,"menu_order":0,"comment_status":"closed","ping_status":"closed","template":"","meta":{"footnotes":""},"class_list":["post-687","page","type-page","status-publish","hentry"],"blocksy_meta":[],"_links":{"self":[{"href":"https:\/\/campeanunation.ro\/index.php\/wp-json\/wp\/v2\/pages\/687","targetHints":{"allow":["GET"]}}],"collection":[{"href":"https:\/\/campeanunation.ro\/index.php\/wp-json\/wp\/v2\/pages"}],"about":[{"href":"https:\/\/campeanunation.ro\/index.php\/wp-json\/wp\/v2\/types\/page"}],"author":[{"embeddable":true,"href":"https:\/\/campeanunation.ro\/index.php\/wp-json\/wp\/v2\/users\/1"}],"replies":[{"embeddable":true,"href":"https:\/\/campeanunation.ro\/index.php\/wp-json\/wp\/v2\/comments?post=687"}],"version-history":[{"count":4,"href":"https:\/\/campeanunation.ro\/index.php\/wp-json\/wp\/v2\/pages\/687\/revisions"}],"predecessor-version":[{"id":3524,"href":"https:\/\/campeanunation.ro\/index.php\/wp-json\/wp\/v2\/pages\/687\/revisions\/3524"}],"wp:attachment":[{"href":"https:\/\/campeanunation.ro\/index.php\/wp-json\/wp\/v2\/media?parent=687"}],"curies":[{"name":"wp","href":"https:\/\/api.w.org\/{rel}","templated":true}]}}